{"id":796,"date":"2019-07-05T15:00:06","date_gmt":"2019-07-05T19:00:06","guid":{"rendered":"https:\/\/littleflowerhollywood.org\/church\/?page_id=796"},"modified":"2025-09-22T14:24:43","modified_gmt":"2025-09-22T18:24:43","slug":"ocia","status":"publish","type":"page","link":"https:\/\/littleflowerhollywood.org\/church\/ocia\/","title":{"rendered":"OCIA &#8211; Order of Christian Initiation of Adults"},"content":{"rendered":"\r\n<p style=\"text-align: center;\"><img loading=\"lazy\" decoding=\"async\" class=\"wp-image-2577 size-full aligncenter\" src=\"https:\/\/littleflowerhollywood.org\/church\/wp-content\/uploads\/2023\/07\/RCIA-Registration-Image.png\" alt=\"\" width=\"1872\" height=\"472\" srcset=\"https:\/\/littleflowerhollywood.org\/church\/wp-content\/uploads\/2023\/07\/RCIA-Registration-Image.png 1872w, https:\/\/littleflowerhollywood.org\/church\/wp-content\/uploads\/2023\/07\/RCIA-Registration-Image-300x76.png 300w, https:\/\/littleflowerhollywood.org\/church\/wp-content\/uploads\/2023\/07\/RCIA-Registration-Image-1024x258.png 1024w, https:\/\/littleflowerhollywood.org\/church\/wp-content\/uploads\/2023\/07\/RCIA-Registration-Image-768x194.png 768w, https:\/\/littleflowerhollywood.org\/church\/wp-content\/uploads\/2023\/07\/RCIA-Registration-Image-1536x387.png 1536w\" sizes=\"(max-width: 1872px) 100vw, 1872px\" \/><\/p>\r\n<p><strong>OCIA Important Information<\/strong><\/p>\r\n<p>For those interested in becoming Catholic and\/or receiving the sacraments of Baptism, Holy Eucharist, and Confirmation, please register below.<\/p>\r\n\r\n\r\n\r\n<ul>\r\n<li>\r\n<h5><a href=\"https:\/\/littleflowerhollywood.org\/church\/wp-content\/uploads\/2023\/07\/RCIA-Adult-Inquiry-Form.pdf\"><strong>Adult Inquiry Form<\/strong><\/a><\/h5>\r\n<\/li>\r\n<li>\r\n<h5><strong><a href=\"https:\/\/littleflowerhollywood.org\/church\/wp-content\/uploads\/2019\/07\/Adult_Intake_Form20161020_S.pdf\">Formulario Para Adultos<\/a><\/strong><\/h5>\r\n<\/li>\r\n<li>\r\n<h5><strong><a href=\"https:\/\/littleflowerhollywood.org\/church\/wp-content\/uploads\/2023\/07\/Marriage_Follow_up_form20161020_E.pdf\">Marriage Information Form<\/a> <em>(For individuals &amp; spouses who have been previously married)<\/em><\/strong><\/h5>\r\n<\/li>\r\n<li>\r\n<h5><strong><a href=\"https:\/\/littleflowerhollywood.org\/church\/wp-content\/uploads\/2023\/07\/Previous_Marriage_Info20161020_S.pdf\">Formulario Para Personas con Matrimonios Previos <\/a><\/strong><\/h5>\r\n<\/li>\r\n<\/ul>\r\n\r\n\r\n\r\n<p><strong>WHAT IS OCIA? <\/strong><\/p>\r\n<p>The Order of Christian Initiation for Adults (OCIA) is the process the Catholic Church uses to help non-Catholics learn more about the Church and, if they desire it, actually become Catholic. It is where adults consciously and freely seek the faith and allow that God touches their lives and enter the way of faith and conversion as the Holy Spirit enters their hearts. It is a time of spiritual strengthening and preparation for fruitfully receiving the sacraments of initiation into the Roman Catholic Church.<\/p>\r\n\r\n\r\n\r\n<p><strong>WHO IS IT FOR?<\/strong><\/p>\r\n<p>The OCIA is for any adult or child (over the age of 7) who is interested in learning about and converting to Catholicism or for those baptized Catholics who need to complete the sacraments of First Holy Communion and\/or Confirmation.<\/p>\r\n<p><strong>HOW IT WORKS?<\/strong><\/p>\r\n<p>Adult OCIA meetings are held on Sunday morning, as well as Sunday morning Mass dismissals. School age OCIA students attend the grade and year appropriate classes in the Religious Education Program on weekly sessions as well as Sunday morning Mass dismissals. The candidate participates in the liturgical year while learning about the faith and the teachings of the Church and, in the process, journeys towards the celebration of the sacraments of initiation. The timeline for each individual is influenced and determined by the many forms of God\u2019s grace, the free cooperation of the individuals, the action of the Church, and the circumstances of time and place.<\/p>\r\n<hr \/>\r\n\r\n\r\n<p><strong>\u00bfQUE SIGNIFICA EL RICA?<\/strong><\/p>\r\n\r\n\r\n\r\n<p>El Ritual de la Iniciaci\u00f3n Cristiana de Adultos es el proceso por el cual los adultos consciente y libremente buscan al Dios vivo y entrar en el camino de la fe y la conversi\u00f3n seg\u00fan Esp\u00edritu Santo entra en sus corazones. Es un momento de fortalecimiento espiritual y preparaci\u00f3n para recibir el fruto de los sacramentos de iniciaci\u00f3n en la Iglesia Cat\u00f3lica Romana.<\/p>\r\n\r\n\r\n\r\n\r\n\r\n<p>El RICA es tambi\u00e9n un proceso que prepara a los estudiantes, en el segundo grado o superior, para ser bautizado, para celebrar su Primera Comuni\u00f3n, y \/ o ser confirmado si tienen la edad apropiada.<\/p>\r\n\r\n\r\n\r\n\r\n\r\n<p><strong>\u00bfPARA QUIEN ES?<\/strong><\/p>\r\n\r\n\r\n\r\n<p>El RICA es para cualquier adulto o ni\u00f1o que est\u00e9 interesado en conocer y convertirse al catolicismo, o para aquellos cat\u00f3licos bautizados que necesitan completar los sacramentos de Primera Comuni\u00f3n y \/ o Confirmaci\u00f3n.<\/p>\r\n\r\n\r\n\r\n\r\n\r\n<p><strong>\u00bfC\u00d3MO FUNCIONA?<\/strong><\/p>\r\n\r\n\r\n\r\n<p>Las reuniones de RICA para Adultos se llevan a cabo los domingos. Estudiantes RICA de edad escolar asisten al grado y a\u00f1o propio de sus clases en el Programa de Educaci\u00f3n Religiosa los martes, as\u00ed como el domingo por la ma\u00f1ana deber\u00e1n participar en la misa de 9:30 am y luego antes de la profesi\u00f3n de fe saldr\u00e1n en procesi\u00f3n con sus catequistas y detr\u00e1s los adulto. El \/ los candidatos participan en el a\u00f1o lit\u00fargico mientras aprenden acerca de la fe y las ense\u00f1anzas de la Iglesia, el periodo de formaci\u00f3n que los lleva hacia la celebraci\u00f3n de los sacramentos de iniciaci\u00f3n. La l\u00ednea de tiempo para cada persona o ni\u00f1o fluct\u00faa de acuerdo a su experiencia y encuentro con Dios, la libre cooperaci\u00f3n de las personas, ni\u00f1os y padres, la acci\u00f3n del Esp\u00edritu Santo, la comunidad de la Iglesia y las circunstancias de tiempo y lugar son factores determinantes para la duraci\u00f3n del proceso de Catecumenado o RICA.<\/p>\r\n\r\n\r\n\r\n<p><strong>For more information, email <a href=\"mailto:religioused@littleflowerhollywood.org\">Religioused@littleflowerhollywood.org<\/a> or call (954) 922-3517.<\/strong><\/p>\r\n","protected":false},"excerpt":{"rendered":"<p>OCIA Important Information For those interested in becoming Catholic and\/or receiving the sacraments of Baptism, Holy Eucharist, and Confirmation, please register below. Adult Inquiry Form Formulario Para Adultos Marriage Information Form (For individuals &amp; spouses who have been previously married) Formulario Para Personas con Matrimonios Previos WHAT IS OCIA? The Order of Christian Initiation for &hellip; <a href=\"https:\/\/littleflowerhollywood.org\/church\/ocia\/\" class=\"more-link\">Continue reading <span class=\"screen-reader-text\">OCIA &#8211; Order of Christian Initiation of Adults<\/span> <span class=\"meta-nav\">&rarr;<\/span><\/a><\/p>\n","protected":false},"author":2,"featured_media":0,"parent":0,"menu_order":0,"comment_status":"closed","ping_status":"closed","template":"","meta":{"footnotes":""},"_links":{"self":[{"href":"https:\/\/littleflowerhollywood.org\/church\/wp-json\/wp\/v2\/pages\/796"}],"collection":[{"href":"https:\/\/littleflowerhollywood.org\/church\/wp-json\/wp\/v2\/pages"}],"about":[{"href":"https:\/\/littleflowerhollywood.org\/church\/wp-json\/wp\/v2\/types\/page"}],"author":[{"embeddable":true,"href":"https:\/\/littleflowerhollywood.org\/church\/wp-json\/wp\/v2\/users\/2"}],"replies":[{"embeddable":true,"href":"https:\/\/littleflowerhollywood.org\/church\/wp-json\/wp\/v2\/comments?post=796"}],"version-history":[{"count":24,"href":"https:\/\/littleflowerhollywood.org\/church\/wp-json\/wp\/v2\/pages\/796\/revisions"}],"predecessor-version":[{"id":2896,"href":"https:\/\/littleflowerhollywood.org\/church\/wp-json\/wp\/v2\/pages\/796\/revisions\/2896"}],"wp:attachment":[{"href":"https:\/\/littleflowerhollywood.org\/church\/wp-json\/wp\/v2\/media?parent=796"}],"curies":[{"name":"wp","href":"https:\/\/api.w.org\/{rel}","templated":true}]}}